{"id":3023,"date":"2022-10-21T07:11:33","date_gmt":"2022-10-21T07:11:33","guid":{"rendered":"https:\/\/klbtheme.com\/partdo\/?post_type=product&amp;p=3023"},"modified":"2023-06-19T05:53:28","modified_gmt":"2023-06-19T05:53:28","slug":"fuel-d764-sfj-1pc-matte-anthracite","status":"publish","type":"product","link":"https:\/\/carluxdecor.com\/index.php\/product\/fuel-d764-sfj-1pc-matte-anthracite\/","title":{"rendered":"FUEL\u00ae &#8211; D764 SFJ 1PC Matte Anthracite"},"content":{"rendered":"<p><span style=\"vertical-align: inherit;\"><span style=\"vertical-align: inherit;\"><span style=\"vertical-align: inherit;\">Quisque varius diam vel metus mattis, id aliquam diam rhoncus. <\/span><\/span><span style=\"vertical-align: inherit;\"><span style=\"vertical-align: inherit;\">Proin vitae magna in dui finibus maleuada et at nulla. <\/span><\/span><span style=\"vertical-align: inherit;\"><span style=\"vertical-align: inherit;\">Morbi elit ex, viverra vitae ante vel, blandit feugiat ligula. <\/span><\/span><span style=\"vertical-align: inherit;\"><span style=\"vertical-align: inherit;\">Fusce fermentum iaculis nibh, sodales leo maximus a&#8217;da. <\/span><\/span><span style=\"vertical-align: inherit;\"><span style=\"vertical-align: inherit;\">Nullam ultricies sodales nunc, pellentesque lorem mattis quis. <\/span><\/span><span style=\"vertical-align: inherit;\"><span style=\"vertical-align: inherit;\">Rahibe tristique lacinia&#8217;da Cras imperdiet est.Suspendisse <\/span><\/span><span style=\"vertical-align: inherit;\"><span style=\"vertical-align: inherit;\">velit ex, aliquet vel ornare vel, haydut bir tortor.<\/span><\/span><\/span><\/p>\n<p><span style=\"vertical-align: inherit;\"><span style=\"vertical-align: inherit;\"><span style=\"vertical-align: inherit;\">Morbi ut sapien vitae odio accumsan gravida. <\/span><\/span><span style=\"vertical-align: inherit;\"><span style=\"vertical-align: inherit;\">Morbi vitae d\u00f6nemi yap\u0131mc\u0131s\u0131, eleifend nunc a, lobortis neque. <\/span><\/span><span style=\"vertical-align: inherit;\"><span style=\"vertical-align: inherit;\">Praesent aliquam dignissim viverra. <\/span><\/span><span style=\"vertical-align: inherit;\"><span style=\"vertical-align: inherit;\">Maecenas lacus odio, feugiat eu nunc sit amet, maximus sagittis dolor. <\/span><\/span><span style=\"vertical-align: inherit;\"><span style=\"vertical-align: inherit;\">Vivamus nisi sapien, elementum sit amet eros sit amet, ultricies cursus ipsum. <\/span><\/span><span style=\"vertical-align: inherit;\"><span style=\"vertical-align: inherit;\">Sed consequat luctus ligula. <\/span><\/span><span style=\"vertical-align: inherit;\"><span style=\"vertical-align: inherit;\">Curabitur laoreet rhoncus blandit. <\/span><\/span><span style=\"vertical-align: inherit;\"><span style=\"vertical-align: inherit;\">Aenean vel diam ut arcu pharetra dignissim ut sed leo. <\/span><\/span><span style=\"vertical-align: inherit;\"><span style=\"vertical-align: inherit;\">Vivamus faucibus, vestibulum vulputate&#8217;de ipsum, lorem orci convallis quam, sit amet consequat nulla felis pharetra lacus. <\/span><\/span><span style=\"vertical-align: inherit;\"><span style=\"vertical-align: inherit;\">Bir g\u00fcn \u00f6nce mauris, sed egestas purus komodin<\/span><\/span><\/span><\/p>\n","protected":false},"excerpt":{"rendered":"<ul>\n<li>Best-in-class all-around performance<\/li>\n<li>Confident driving in all weather conditions<\/li>\n<li>Visual Alignment Indicators<\/li>\n<\/ul>\n","protected":false},"featured_media":3024,"comment_status":"open","ping_status":"closed","template":"","meta":[],"product_cat":[145,146,116],"product_tag":[],"_links":{"self":[{"href":"https:\/\/carluxdecor.com\/index.php\/wp-json\/wp\/v2\/product\/3023"}],"collection":[{"href":"https:\/\/carluxdecor.com\/index.php\/wp-json\/wp\/v2\/product"}],"about":[{"href":"https:\/\/carluxdecor.com\/index.php\/wp-json\/wp\/v2\/types\/product"}],"replies":[{"embeddable":true,"href":"https:\/\/carluxdecor.com\/index.php\/wp-json\/wp\/v2\/comments?post=3023"}],"wp:featuredmedia":[{"embeddable":true,"href":"https:\/\/carluxdecor.com\/index.php\/wp-json\/wp\/v2\/media\/3024"}],"wp:attachment":[{"href":"https:\/\/carluxdecor.com\/index.php\/wp-json\/wp\/v2\/media?parent=3023"}],"wp:term":[{"taxonomy":"product_cat","embeddable":true,"href":"https:\/\/carluxdecor.com\/index.php\/wp-json\/wp\/v2\/product_cat?post=3023"},{"taxonomy":"product_tag","embeddable":true,"href":"https:\/\/carluxdecor.com\/index.php\/wp-json\/wp\/v2\/product_tag?post=3023"}],"curies":[{"name":"wp","href":"https:\/\/api.w.org\/{rel}","templated":true}]}}